{"id":8,"date":"2016-03-17T15:48:44","date_gmt":"2016-03-17T14:48:44","guid":{"rendered":"http:\/\/gabinetnaszeserce.pl\/?page_id=8"},"modified":"2016-10-06T09:01:56","modified_gmt":"2016-10-06T07:01:56","slug":"badania","status":"publish","type":"page","link":"https:\/\/gabinetnaszeserce.pl\/index.php\/badania\/","title":{"rendered":"Badania"},"content":{"rendered":"<p><img loading=\"lazy\" class=\" wp-image-157 aligncenter\" src=\"https:\/\/gabinetnaszeserce.pl\/wp-content\/uploads\/2016\/03\/naszesercelogopoprawka3-768x203-2-300x79.png\" alt=\"naszesercelogopoprawka3-768x203\" width=\"406\" height=\"107\" srcset=\"https:\/\/gabinetnaszeserce.pl\/wp-content\/uploads\/2016\/03\/naszesercelogopoprawka3-768x203-2-300x79.png 300w, https:\/\/gabinetnaszeserce.pl\/wp-content\/uploads\/2016\/03\/naszesercelogopoprawka3-768x203-2.png 768w\" sizes=\"(max-width: 406px) 100vw, 406px\" \/><\/p>\n<p style=\"text-align: center;\"><strong>\u00a0<\/strong><\/p>\n<p style=\"text-align: center;\"><strong>Elektrokardiogram (EKG)<\/strong><\/p>\n<p style=\"text-align: center;\"><strong><img loading=\"lazy\" class=\"alignnone size-medium wp-image-107\" src=\"https:\/\/gabinetnaszeserce.pl\/wp-content\/uploads\/2016\/03\/Elektrokardiogram-300x199.jpeg\" alt=\"Elektrokardiogram\" width=\"438\" height=\"291\" srcset=\"https:\/\/gabinetnaszeserce.pl\/wp-content\/uploads\/2016\/03\/Elektrokardiogram-300x199.jpeg 300w, https:\/\/gabinetnaszeserce.pl\/wp-content\/uploads\/2016\/03\/Elektrokardiogram.jpeg 640w\" sizes=\"(max-width: 438px) 100vw, 438px\" \/><\/strong><\/p>\n<p style=\"text-align: justify;\">EKG stanowi podstaw\u0119 diagnostyki chor\u00f3b serca. Badanie to polega na rejestracji elektrycznej aktywno\u015bci mi\u0119\u015bnia sercowego za pomoc\u0105 przymocowanych do klatki piersiowej elektrod. Zapis ekg pozwala na ocen\u0119 rodzaju rytmu serca oraz cz\u0119sto\u015bci jego uderze\u0144. Umo\u017cliwia tak\u017ce wykrycie blok\u00f3w przewodzenia impuls\u00f3w, stwierdzenie pozawa\u0142owego lub maj\u0105cego inn\u0105 etiologi\u0119 uszkodzenia. Na podstawie ekg mo\u017cna tak\u017ce oszacowa\u0107 grubo\u015b\u0107 mi\u0119\u015bnia kom\u00f3r oraz wielko\u015b\u0107 przedsionk\u00f3w.<\/p>\n<p>&nbsp;<\/p>\n<p>&nbsp;<\/p>\n<p style=\"text-align: center;\"><strong>Holter RR (ci\u015bnieniowy)<\/strong><\/p>\n<p style=\"text-align: center;\"><strong><img loading=\"lazy\" class=\"wp-image-109 size-medium aligncenter\" src=\"https:\/\/gabinetnaszeserce.pl\/wp-content\/uploads\/2016\/03\/holter-300x199.jpg\" alt=\"holter\" width=\"438\" height=\"291\" srcset=\"https:\/\/gabinetnaszeserce.pl\/wp-content\/uploads\/2016\/03\/holter-300x199.jpg 300w, https:\/\/gabinetnaszeserce.pl\/wp-content\/uploads\/2016\/03\/holter.jpg 640w\" sizes=\"(max-width: 438px) 100vw, 438px\" \/><\/strong><\/p>\n<p style=\"text-align: justify;\">Badanie to polega na ca\u0142odobowym monitorowaniu ci\u015bnienia t\u0119tniczego. Pomiary wykonywane s\u0105 w wyznaczonym trybie najcz\u0119\u015bciej co 15 minut w ci\u0105gu dnia oraz co 30 minut w nocy.<br \/>\nHolter ci\u015bnieniowy s\u0142u\u017cy wykryciu nadci\u015bnienia t\u0119tniczego u os\u00f3b maj\u0105cych sporadyczne i trudne do uchwycenia wzrosty warto\u015bci ci\u015bnienia krwi, wykryciu tzw. &#8222;nadci\u015bnienia bia\u0142ego fartucha&#8221;. Badanie jest tak\u017ce pomocne w ocenie skuteczno\u015bci stosowanego leczenia u os\u00f3b z ju\u017c stwierdzonym nadci\u015bnieniem t\u0119tniczym.<\/p>\n<p style=\"text-align: center;\"><strong>Echo serca<\/strong><\/p>\n<p style=\"text-align: center;\"><img loading=\"lazy\" class=\"alignnone size-medium wp-image-111\" src=\"https:\/\/gabinetnaszeserce.pl\/wp-content\/uploads\/2016\/03\/echo-199x300.jpeg\" alt=\"echo\" width=\"334\" height=\"504\" srcset=\"https:\/\/gabinetnaszeserce.pl\/wp-content\/uploads\/2016\/03\/echo-199x300.jpeg 199w, https:\/\/gabinetnaszeserce.pl\/wp-content\/uploads\/2016\/03\/echo.jpeg 425w\" sizes=\"(max-width: 334px) 100vw, 334px\" \/><\/p>\n<p style=\"text-align: justify;\">Echo serca (USG serca, echokardiografia) jest podstawowym badaniem obrazowym wykorzystywanym w diagnostyce chor\u00f3b uk\u0142adu kr\u0105\u017cenia. Badanie pozwala w spos\u00f3b nieszkodliwy dla organizmu, za pomoc\u0105 emitowanych przez g\u0142owic\u0119 fal ultrad\u017awi\u0119kowych oceni\u0107 budow\u0119 serca i du\u017cych naczy\u0144. W czasie badania echo oceniana jest anatomia i funkcja zastawek, wielko\u015b\u0107 i obj\u0119to\u015b\u0107 jam serca (przedsionk\u00f3w, kom\u00f3r), a tak\u017ce grubo\u015b\u0107 i kurczliwo\u015b\u0107 mi\u0119\u015bnia sercowego warunkuj\u0105cych zachowanie dobrej wydolno\u015bci fizycznej.\u00a0Echo serca pozwala \u015bledzi\u0107 r\u00f3\u017cne stany niedokrwienia mi\u0119\u015bnia w wypadku choroby wie\u0144cowej, a tak\u017ce diagnozowa\u0107 procesy zapalenia wsierdzia, mi\u0119\u015bnia sercowego i osierdzia.<\/p>\n<p style=\"text-align: justify;\">Badanie nie wymaga przygotowania ze strony pacjenta. Przeprowadzamy je w zgodzie ze standardami sekcji Echokardiografii Polskiego Towarzystwa Kardiologicznego.<\/p>\n","protected":false},"excerpt":{"rendered":"<p>\u00a0 Elektrokardiogram (EKG) EKG stanowi podstaw\u0119 diagnostyki chor\u00f3b serca. Badanie to polega na rejestracji elektrycznej aktywno\u015bci mi\u0119\u015bnia sercowego za pomoc\u0105 przymocowanych do klatki piersiowej elektrod. Zapis ekg pozwala na ocen\u0119 rodzaju rytmu serca oraz cz\u0119sto\u015bci jego uderze\u0144. Umo\u017cliwia tak\u017ce wykrycie blok\u00f3w przewodzenia impuls\u00f3w, stwierdzenie pozawa\u0142owego lub maj\u0105cego inn\u0105 etiologi\u0119 uszkodzenia. Na podstawie ekg mo\u017cna tak\u017ce [&hellip;]<\/p>\n","protected":false},"author":1,"featured_media":0,"parent":0,"menu_order":0,"comment_status":"closed","ping_status":"closed","template":"","meta":[],"_links":{"self":[{"href":"https:\/\/gabinetnaszeserce.pl\/index.php\/wp-json\/wp\/v2\/pages\/8"}],"collection":[{"href":"https:\/\/gabinetnaszeserce.pl\/index.php\/wp-json\/wp\/v2\/pages"}],"about":[{"href":"https:\/\/gabinetnaszeserce.pl\/index.php\/wp-json\/wp\/v2\/types\/page"}],"author":[{"embeddable":true,"href":"https:\/\/gabinetnaszeserce.pl\/index.php\/wp-json\/wp\/v2\/users\/1"}],"replies":[{"embeddable":true,"href":"https:\/\/gabinetnaszeserce.pl\/index.php\/wp-json\/wp\/v2\/comments?post=8"}],"version-history":[{"count":16,"href":"https:\/\/gabinetnaszeserce.pl\/index.php\/wp-json\/wp\/v2\/pages\/8\/revisions"}],"predecessor-version":[{"id":322,"href":"https:\/\/gabinetnaszeserce.pl\/index.php\/wp-json\/wp\/v2\/pages\/8\/revisions\/322"}],"wp:attachment":[{"href":"https:\/\/gabinetnaszeserce.pl\/index.php\/wp-json\/wp\/v2\/media?parent=8"}],"curies":[{"name":"wp","href":"https:\/\/api.w.org\/{rel}","templated":true}]}}