{"id":376,"date":"2017-05-25T14:37:34","date_gmt":"2017-05-25T12:37:34","guid":{"rendered":"http:\/\/gabinetnaszeserce.pl\/?page_id=376"},"modified":"2018-01-10T12:05:42","modified_gmt":"2018-01-10T11:05:42","slug":"miej-serce-i-patrzaj-w-serce","status":"publish","type":"page","link":"https:\/\/gabinetnaszeserce.pl\/index.php\/miej-serce-i-patrzaj-w-serce\/","title":{"rendered":"&#8222;Miej serce i patrzaj w serce&#8221;"},"content":{"rendered":"<p style=\"text-align: center;\"><strong>&#8222;Miej serce i patrzaj w serce&#8221;<\/strong><\/p>\n<p style=\"text-align: left;\">\u00a0\u00a0 Czy to mo\u017cliwe, \u017ceby ta jedna z najpi\u0119kniejszych sentencji polskiego romantyzmu by\u0142a skierowana do lekarzy? Niemo\u017cliwe. Przede wszystkim dlatego, \u017ce w roku 1821, kiedy Adam Mickiewicz pisa\u0142 ballad\u0119 <em>Romantyczno\u015b\u0107<\/em>, kardiologia jeszcze nie istnia\u0142a. Zaledwie kilka lat wcze\u015bniej wynaleziono stetoskop, pozwalaj\u0105cy os\u0142uchiwa\u0107 tony i szmery serca. Lekarze nie dysponowali w\u00f3wczas \u017cadn\u0105 inn\u0105 metod\u0105 diagnostyki uk\u0142adu kr\u0105\u017cenia. S\u0142owa Adama Mickiewicza nie zrodzi\u0142y si\u0119 jednak z utyskiwa\u0144 nad niedoskona\u0142o\u015bci\u0105 medycyny. Zrodzi\u0142y si\u0119 z \u017calu, \u017ce nie dostrzegamy serca, \u017ce stawiamy je ni\u017cej w hierarchii\u00a0 ni\u017c &#8222;m\u0119drca szkie\u0142ko i oko&#8221;.<\/p>\n<p style=\"text-align: left;\">\u00a0\u00a0 Dzisiejszy \u015bwiat jest jeszcze mniej romantyczny ni\u017c \u015bwiat poety. W wielu dziedzinach spo\u0142ecznego \u017cycia, serce nie tylko nie jest potrzebne, a wr\u0119cz wydaje si\u0119 przeszkadza\u0107. Sk\u0142adamy nieustanny ho\u0142d rozumowi, sprytowi, inteligencji, kt\u00f3re maj\u0105 nas zaprowadzi\u0107 do szcz\u0119\u015bcia. Jak w takich warunkach okazywa\u0107 serce? Nawet my, lekarze, zobowi\u0105zani przysi\u0119g\u0105 Hipokratesa, gubimy si\u0119 w tym wszystkim. A mo\u017ce to w\u0142a\u015bnie my powinni\u015bmy w pierwszym rz\u0119dzie sta\u0107 si\u0119 odbiorcami mickiewiczowskiego has\u0142a? Kiedy bowiem, je\u015bli nie w chorobie, okazywa\u0107 bli\u017aniemu serce i wyci\u0105ga\u0107 pomocn\u0105 d\u0142o\u0144? By\u0107 mo\u017ce cz\u0119\u015bci z nas si\u0119 uda, poza wiedz\u0105 i do\u015bwiadczeniem, objawi\u0107 takie oblicze naszego zawodu.<\/p>\n<p style=\"text-align: left;\">\u00a0\u00a0 W serce wpatrujemy si\u0119 wszyscy. W europejskiej kulturze jest symbolem \u017cycia, mi\u0142o\u015bci, cz\u0142owiecze\u0144stwa. Wydaje si\u0119 by\u0107 narz\u0105dem wa\u017cniejszym ni\u017c inne, gdy\u017c nie tylko pracuje, pe\u0142ni\u0105c swoje fizjologiczne funkcje, ale tak\u017ce podpowiada, otacza opiek\u0105, szuka wzajemno\u015bci. Serce zachwyca i fascynuje, najbardziej chyba nas, kardiolog\u00f3w. Chocia\u017c wiemy o nim tak wiele, ci\u0105gle zachowuje tajemnice. Umiemy je bada\u0107, mierzy\u0107 jego wielko\u015b\u0107, si\u0142\u0119 uderzenia. Wiemy, \u017ce pracuje nieprzerwanie, \u017ce kurczy si\u0119 dziesi\u0105tki tysi\u0119cy razy, by\u015bmy mogli prze\u017cy\u0107 jeden dzie\u0144. Wiemy, \u017ce poddaje si\u0119 regulacji uk\u0142adu nerwowego, oplecione g\u0119st\u0105 sieci\u0105 jego w\u0142\u00f3kien, \u017ce wsp\u00f3\u0142dzia\u0142a z innymi narz\u0105dami, mi\u0119\u015bniami, gruczo\u0142ami. Nic nie dzieje si\u0119 w ludzkim organizmie, czego serce by nie zauwa\u017cy\u0142o. Pozwala nam ci\u0119\u017cko pracowa\u0107, t\u0142ocz\u0105c w wysi\u0142ku litry krwi, a jednocze\u015bnie bywa tak wra\u017cliwe, \u017ce odpowiada na szept, s\u0142owo, spojrzenie. Wpatrujmy si\u0119 w serce nasze i naszych bliskich. Dbajmy o to, by bi\u0142o rytmicznie, by zapewnia\u0142o si\u0142y\u00a0 i dobre samopoczucie. Dba\u0142o\u015b\u0107 o serce to zadanie na d\u0142ugie lata. To przejaw \u015bwiadomo\u015bci i dow\u00f3d zrozumienia, jak cennym darem jest nasze \u017cycie i zdrowie.<\/p>\n<p style=\"text-align: left;\">Miros\u0142aw Kowalski<\/p>\n","protected":false},"excerpt":{"rendered":"<p>&#8222;Miej serce i patrzaj w serce&#8221; \u00a0\u00a0 Czy to mo\u017cliwe, \u017ceby ta jedna z najpi\u0119kniejszych sentencji polskiego romantyzmu by\u0142a skierowana do lekarzy? Niemo\u017cliwe. Przede wszystkim dlatego, \u017ce w roku 1821, kiedy Adam Mickiewicz pisa\u0142 ballad\u0119 Romantyczno\u015b\u0107, kardiologia jeszcze nie istnia\u0142a. Zaledwie kilka lat wcze\u015bniej wynaleziono stetoskop, pozwalaj\u0105cy os\u0142uchiwa\u0107 tony i szmery serca. Lekarze nie dysponowali [&hellip;]<\/p>\n","protected":false},"author":1,"featured_media":0,"parent":0,"menu_order":0,"comment_status":"closed","ping_status":"closed","template":"","meta":[],"_links":{"self":[{"href":"https:\/\/gabinetnaszeserce.pl\/index.php\/wp-json\/wp\/v2\/pages\/376"}],"collection":[{"href":"https:\/\/gabinetnaszeserce.pl\/index.php\/wp-json\/wp\/v2\/pages"}],"about":[{"href":"https:\/\/gabinetnaszeserce.pl\/index.php\/wp-json\/wp\/v2\/types\/page"}],"author":[{"embeddable":true,"href":"https:\/\/gabinetnaszeserce.pl\/index.php\/wp-json\/wp\/v2\/users\/1"}],"replies":[{"embeddable":true,"href":"https:\/\/gabinetnaszeserce.pl\/index.php\/wp-json\/wp\/v2\/comments?post=376"}],"version-history":[{"count":5,"href":"https:\/\/gabinetnaszeserce.pl\/index.php\/wp-json\/wp\/v2\/pages\/376\/revisions"}],"predecessor-version":[{"id":413,"href":"https:\/\/gabinetnaszeserce.pl\/index.php\/wp-json\/wp\/v2\/pages\/376\/revisions\/413"}],"wp:attachment":[{"href":"https:\/\/gabinetnaszeserce.pl\/index.php\/wp-json\/wp\/v2\/media?parent=376"}],"curies":[{"name":"wp","href":"https:\/\/api.w.org\/{rel}","templated":true}]}}