{"id":22,"date":"2016-03-17T15:59:20","date_gmt":"2016-03-17T14:59:20","guid":{"rendered":"http:\/\/gabinetnaszeserce.pl\/?page_id=22"},"modified":"2016-10-06T09:03:36","modified_gmt":"2016-10-06T07:03:36","slug":"lokalizacja","status":"publish","type":"page","link":"https:\/\/gabinetnaszeserce.pl\/index.php\/lokalizacja\/","title":{"rendered":"Lokalizacja"},"content":{"rendered":"<p><img loading=\"lazy\" class=\" wp-image-157 aligncenter\" src=\"https:\/\/gabinetnaszeserce.pl\/wp-content\/uploads\/2016\/03\/naszesercelogopoprawka3-768x203-2-300x79.png\" alt=\"naszesercelogopoprawka3-768x203\" width=\"406\" height=\"107\" srcset=\"https:\/\/gabinetnaszeserce.pl\/wp-content\/uploads\/2016\/03\/naszesercelogopoprawka3-768x203-2-300x79.png 300w, https:\/\/gabinetnaszeserce.pl\/wp-content\/uploads\/2016\/03\/naszesercelogopoprawka3-768x203-2.png 768w\" sizes=\"(max-width: 406px) 100vw, 406px\" \/><\/p>\n<p style=\"text-align: adjust;\"><strong>\u00a0<\/strong><\/p>\n<p style=\"text-align: center;\"><strong>ul. Pruszkowska 4c\/1a<\/strong><\/p>\n<p style=\"text-align: center;\"><strong>02-118 Warszawa<\/strong><\/p>\n<p style=\"text-align: center;\"><strong>Dogodny dojazd autobusami:<\/strong><\/p>\n<p>&nbsp;<\/p>\n<p style=\"text-align: left;\">136 &#8211; M\u0142yn\u00f3w &#8211; Natolin P\u0142n.<\/p>\n<p style=\"text-align: left;\">128 &#8211; Pl.Pi\u0142sudskiego &#8211; Szcz\u0119\u015bliwice<\/p>\n<p style=\"text-align: left;\">172- Sadyba &#8211; CH Blue City<\/p>\n<p style=\"text-align: left;\">175- Pl. Pi\u0142sudskiego \u2013 Port Lotniczy Ok\u0119cie im. F. Chopina<\/p>\n<p style=\"text-align: left;\">188- Goc\u0142awek Wschodni\u2013 Port Lotniczy Ok\u0119cie im. F. Chopina<\/p>\n<p style=\"text-align: left;\">Gabinet kardiologiczny NASZE SERCE znajduje si\u0119 na parterze budynku przy ul. Pruszkowskiej 4c (wej\u015bcie od strony\u00a0 parkingu)<\/p>\n<p style=\"text-align: center;\">\u00a0 <iframe loading=\"lazy\" style=\"border: 0;\" src=\"https:\/\/www.google.com\/maps\/embed?pb=!1m18!1m12!1m3!1d2445.2842150698275!2d20.982347199999996!3d52.201882399999995!2m3!1f0!2f0!3f0!3m2!1i1024!2i768!4f13.1!3m3!1m2!1s0x471eccb5a5179475%3A0x60b84d2f5f41c988!2sNasze+Serce+gabinet+kardiologiczny!5e0!3m2!1spl!2spl!4v1440236915076\" width=\"546\" height=\"546\" frameborder=\"0\" allowfullscreen=\"allowfullscreen\"><\/iframe><\/p>\n","protected":false},"excerpt":{"rendered":"<p>\u00a0 ul. Pruszkowska 4c\/1a 02-118 Warszawa Dogodny dojazd autobusami: &nbsp; 136 &#8211; M\u0142yn\u00f3w &#8211; Natolin P\u0142n. 128 &#8211; Pl.Pi\u0142sudskiego &#8211; Szcz\u0119\u015bliwice 172- Sadyba &#8211; CH Blue City 175- Pl. Pi\u0142sudskiego \u2013 Port Lotniczy Ok\u0119cie im. F. Chopina 188- Goc\u0142awek Wschodni\u2013 Port Lotniczy Ok\u0119cie im. F. Chopina Gabinet kardiologiczny NASZE SERCE znajduje si\u0119 na parterze budynku [&hellip;]<\/p>\n","protected":false},"author":1,"featured_media":0,"parent":0,"menu_order":0,"comment_status":"closed","ping_status":"closed","template":"","meta":[],"_links":{"self":[{"href":"https:\/\/gabinetnaszeserce.pl\/index.php\/wp-json\/wp\/v2\/pages\/22"}],"collection":[{"href":"https:\/\/gabinetnaszeserce.pl\/index.php\/wp-json\/wp\/v2\/pages"}],"about":[{"href":"https:\/\/gabinetnaszeserce.pl\/index.php\/wp-json\/wp\/v2\/types\/page"}],"author":[{"embeddable":true,"href":"https:\/\/gabinetnaszeserce.pl\/index.php\/wp-json\/wp\/v2\/users\/1"}],"replies":[{"embeddable":true,"href":"https:\/\/gabinetnaszeserce.pl\/index.php\/wp-json\/wp\/v2\/comments?post=22"}],"version-history":[{"count":20,"href":"https:\/\/gabinetnaszeserce.pl\/index.php\/wp-json\/wp\/v2\/pages\/22\/revisions"}],"predecessor-version":[{"id":327,"href":"https:\/\/gabinetnaszeserce.pl\/index.php\/wp-json\/wp\/v2\/pages\/22\/revisions\/327"}],"wp:attachment":[{"href":"https:\/\/gabinetnaszeserce.pl\/index.php\/wp-json\/wp\/v2\/media?parent=22"}],"curies":[{"name":"wp","href":"https:\/\/api.w.org\/{rel}","templated":true}]}}